{"id":2368,"date":"2016-02-01T11:44:52","date_gmt":"2016-02-01T10:44:52","guid":{"rendered":"http:\/\/www.logrami.fr\/rencontres2016\/?page_id=2368"},"modified":"2025-09-05T14:23:30","modified_gmt":"2025-09-05T13:23:30","slug":"partenaires","status":"publish","type":"page","link":"https:\/\/www.logrami.fr\/rencontres2025\/partenaires\/","title":{"rendered":"Partenaires"},"content":{"rendered":"<p>Logrami remercie ses partenaires pour le financement et l&rsquo;organisation des Rencontres Migrateurs 2025 :<\/p>\n<img loading=\"lazy\" decoding=\"async\" class=\"alignnone wp-image-2552 \" src=\"http:\/\/www.logrami.fr\/rencontres2016\/wp-content\/uploads\/sites\/4\/2018\/06\/logoNationalCadre-272x300.jpg\" alt=\"\" width=\"117\" height=\"129\" srcset=\"https:\/\/www.logrami.fr\/rencontres2025\/wp-content\/uploads\/sites\/4\/2018\/06\/logoNationalCadre-272x300.jpg 272w, https:\/\/www.logrami.fr\/rencontres2025\/wp-content\/uploads\/sites\/4\/2018\/06\/logoNationalCadre-929x1024.jpg 929w, https:\/\/www.logrami.fr\/rencontres2025\/wp-content\/uploads\/sites\/4\/2018\/06\/logoNationalCadre.jpg 1638w\" sizes=\"auto, (max-width: 117px) 100vw, 117px\" \/><img loading=\"lazy\" decoding=\"async\" class=\"alignnone size-medium wp-image-2888\" src=\"https:\/\/www.logrami.fr\/rencontres2019\/wp-content\/uploads\/sites\/4\/2023\/08\/Logo-RFIAE-long200px-300x74.png\" alt=\"\" width=\"300\" height=\"74\" srcset=\"https:\/\/www.logrami.fr\/rencontres2025\/wp-content\/uploads\/sites\/4\/2023\/08\/Logo-RFIAE-long200px-300x74.png 300w, https:\/\/www.logrami.fr\/rencontres2025\/wp-content\/uploads\/sites\/4\/2023\/08\/Logo-RFIAE-long200px-600x150.png 600w, https:\/\/www.logrami.fr\/rencontres2025\/wp-content\/uploads\/sites\/4\/2023\/08\/Logo-RFIAE-long200px.png 812w\" sizes=\"auto, (max-width: 300px) 100vw, 300px\" \/>\n<img loading=\"lazy\" decoding=\"async\" class=\"alignnone  wp-image-2889\" src=\"https:\/\/www.logrami.fr\/rencontres2019\/wp-content\/uploads\/sites\/4\/2023\/08\/Logo-Europe-Provi-300x61.png\" alt=\"\" width=\"360\" height=\"73\" srcset=\"https:\/\/www.logrami.fr\/rencontres2025\/wp-content\/uploads\/sites\/4\/2023\/08\/Logo-Europe-Provi-300x61.png 300w, https:\/\/www.logrami.fr\/rencontres2025\/wp-content\/uploads\/sites\/4\/2023\/08\/Logo-Europe-Provi.png 532w\" sizes=\"auto, (max-width: 360px) 100vw, 360px\" \/>\u00a0 <img loading=\"lazy\" decoding=\"async\" class=\"alignnone  wp-image-2890\" src=\"https:\/\/www.logrami.fr\/rencontres2019\/wp-content\/uploads\/sites\/4\/2023\/08\/EXE-LOGO-PLAN-LOIRE-2015-300x120.jpg\" alt=\"\" width=\"193\" height=\"77\" srcset=\"https:\/\/www.logrami.fr\/rencontres2025\/wp-content\/uploads\/sites\/4\/2023\/08\/EXE-LOGO-PLAN-LOIRE-2015-300x120.jpg 300w, https:\/\/www.logrami.fr\/rencontres2025\/wp-content\/uploads\/sites\/4\/2023\/08\/EXE-LOGO-PLAN-LOIRE-2015-1024x409.jpg 1024w, https:\/\/www.logrami.fr\/rencontres2025\/wp-content\/uploads\/sites\/4\/2023\/08\/EXE-LOGO-PLAN-LOIRE-2015-1536x613.jpg 1536w, https:\/\/www.logrami.fr\/rencontres2025\/wp-content\/uploads\/sites\/4\/2023\/08\/EXE-LOGO-PLAN-LOIRE-2015-2048x818.jpg 2048w\" sizes=\"auto, (max-width: 193px) 100vw, 193px\" \/> \u00a0 <img loading=\"lazy\" decoding=\"async\" class=\"alignnone  wp-image-2895\" src=\"https:\/\/www.logrami.fr\/rencontres2019\/wp-content\/uploads\/sites\/4\/2023\/08\/co-finance-par-quadri_janv23-300x156.png\" alt=\"\" width=\"218\" height=\"113\" srcset=\"https:\/\/www.logrami.fr\/rencontres2025\/wp-content\/uploads\/sites\/4\/2023\/08\/co-finance-par-quadri_janv23-300x156.png 300w, https:\/\/www.logrami.fr\/rencontres2025\/wp-content\/uploads\/sites\/4\/2023\/08\/co-finance-par-quadri_janv23-1024x532.png 1024w, https:\/\/www.logrami.fr\/rencontres2025\/wp-content\/uploads\/sites\/4\/2023\/08\/co-finance-par-quadri_janv23-1536x798.png 1536w, https:\/\/www.logrami.fr\/rencontres2025\/wp-content\/uploads\/sites\/4\/2023\/08\/co-finance-par-quadri_janv23.png 2006w\" sizes=\"auto, (max-width: 218px) 100vw, 218px\" \/>\n<img loading=\"lazy\" decoding=\"async\" class=\"alignnone  wp-image-2892\" src=\"https:\/\/www.logrami.fr\/rencontres2019\/wp-content\/uploads\/sites\/4\/2023\/08\/logo_na_horiz_QUADRI_2019-300x147.jpg\" alt=\"\" width=\"280\" height=\"137\" srcset=\"https:\/\/www.logrami.fr\/rencontres2025\/wp-content\/uploads\/sites\/4\/2023\/08\/logo_na_horiz_QUADRI_2019-300x147.jpg 300w, https:\/\/www.logrami.fr\/rencontres2025\/wp-content\/uploads\/sites\/4\/2023\/08\/logo_na_horiz_QUADRI_2019-1024x501.jpg 1024w, https:\/\/www.logrami.fr\/rencontres2025\/wp-content\/uploads\/sites\/4\/2023\/08\/logo_na_horiz_QUADRI_2019-1536x751.jpg 1536w, https:\/\/www.logrami.fr\/rencontres2025\/wp-content\/uploads\/sites\/4\/2023\/08\/logo_na_horiz_QUADRI_2019.jpg 1559w\" sizes=\"auto, (max-width: 280px) 100vw, 280px\" \/> <img loading=\"lazy\" decoding=\"async\" class=\"alignnone  wp-image-2893\" src=\"https:\/\/www.logrami.fr\/rencontres2019\/wp-content\/uploads\/sites\/4\/2023\/08\/LOGO_RVB-300x175.png\" alt=\"\" width=\"279\" height=\"163\" srcset=\"https:\/\/www.logrami.fr\/rencontres2025\/wp-content\/uploads\/sites\/4\/2023\/08\/LOGO_RVB-300x175.png 300w, https:\/\/www.logrami.fr\/rencontres2025\/wp-content\/uploads\/sites\/4\/2023\/08\/LOGO_RVB-1024x596.png 1024w, https:\/\/www.logrami.fr\/rencontres2025\/wp-content\/uploads\/sites\/4\/2023\/08\/LOGO_RVB-1536x894.png 1536w, https:\/\/www.logrami.fr\/rencontres2025\/wp-content\/uploads\/sites\/4\/2023\/08\/LOGO_RVB.png 1949w\" sizes=\"auto, (max-width: 279px) 100vw, 279px\" \/>\n<p style=\"font-size: 1em;\">Ce projet est co-financ\u00e9 par l&rsquo;Europe dans le cadre du plan Loire Grandeur Nature. L&rsquo;Europe s&rsquo;engage dans le bassin de la Loire avec le Fonds europ\u00e9en de d\u00e9veloppement r\u00e9gional (FEDER).<\/p>\n","protected":false},"excerpt":{"rendered":"<p>Logrami remercie ses partenaires pour le financement et l&rsquo;organisation des Rencontres Migrateurs 2025 : \u00a0 \u00a0 Ce projet est co-financ\u00e9 par l&rsquo;Europe dans le cadre du plan Loire Grandeur Nature. L&rsquo;Europe s&rsquo;engage dans le bassin de la Loire avec le&#8230; <br \/><a class=\"button excerpt-read-more\" href=\"https:\/\/www.logrami.fr\/rencontres2025\/partenaires\/\" title=\"ReadPartenaires\">Lire la suite &raquo;<\/a><\/p>\n","protected":false},"author":16,"featured_media":2348,"parent":0,"menu_order":0,"comment_status":"closed","ping_status":"closed","template":"","meta":{"footnotes":""},"class_list":["post-2368","page","type-page","status-publish","has-post-thumbnail","hentry"],"yoast_head":"<!-- This site is optimized with the Yoast SEO plugin v27.4 - https:\/\/yoast.com\/product\/yoast-seo-wordpress\/ -->\n<title>Partenaires - Rencontres Migrateurs de Loire 2025<\/title>\n<meta name=\"robots\" content=\"index, follow, max-snippet:-1, max-image-preview:large, max-video-preview:-1\" \/>\n<link rel=\"canonical\" href=\"https:\/\/www.logrami.fr\/rencontres2025\/partenaires\/\" \/>\n<meta property=\"og:locale\" content=\"fr_FR\" \/>\n<meta property=\"og:type\" content=\"article\" \/>\n<meta property=\"og:title\" content=\"Partenaires - Rencontres Migrateurs de Loire 2025\" \/>\n<meta property=\"og:description\" content=\"Logrami remercie ses partenaires pour le financement et l&rsquo;organisation des Rencontres Migrateurs 2025 : \u00a0 \u00a0 Ce projet est co-financ\u00e9 par l&rsquo;Europe dans le cadre du plan Loire Grandeur Nature. L&rsquo;Europe s&rsquo;engage dans le bassin de la Loire avec le... Lire la suite &raquo;\" \/>\n<meta property=\"og:url\" content=\"https:\/\/www.logrami.fr\/rencontres2025\/partenaires\/\" \/>\n<meta property=\"og:site_name\" content=\"Rencontres Migrateurs de Loire 2025\" \/>\n<meta property=\"article:modified_time\" content=\"2025-09-05T13:23:30+00:00\" \/>\n<meta property=\"og:image\" content=\"https:\/\/www.logrami.fr\/rencontres2025\/wp-content\/uploads\/sites\/4\/2016\/02\/IMGP4268.jpg\" \/>\n\t<meta property=\"og:image:width\" content=\"1024\" \/>\n\t<meta property=\"og:image:height\" content=\"683\" \/>\n\t<meta property=\"og:image:type\" content=\"image\/jpeg\" \/>\n<meta name=\"twitter:card\" content=\"summary_large_image\" \/>\n<meta name=\"twitter:label1\" content=\"Dur\u00e9e de lecture estim\u00e9e\" \/>\n\t<meta name=\"twitter:data1\" content=\"2 minutes\" \/>\n<script type=\"application\/ld+json\" class=\"yoast-schema-graph\">{\"@context\":\"https:\\\/\\\/schema.org\",\"@graph\":[{\"@type\":\"WebPage\",\"@id\":\"https:\\\/\\\/www.logrami.fr\\\/rencontres2025\\\/partenaires\\\/\",\"url\":\"https:\\\/\\\/www.logrami.fr\\\/rencontres2025\\\/partenaires\\\/\",\"name\":\"Partenaires - Rencontres Migrateurs de Loire 2025\",\"isPartOf\":{\"@id\":\"https:\\\/\\\/www.logrami.fr\\\/rencontres2025\\\/#website\"},\"primaryImageOfPage\":{\"@id\":\"https:\\\/\\\/www.logrami.fr\\\/rencontres2025\\\/partenaires\\\/#primaryimage\"},\"image\":{\"@id\":\"https:\\\/\\\/www.logrami.fr\\\/rencontres2025\\\/partenaires\\\/#primaryimage\"},\"thumbnailUrl\":\"https:\\\/\\\/www.logrami.fr\\\/rencontres2025\\\/wp-content\\\/uploads\\\/sites\\\/4\\\/2016\\\/02\\\/IMGP4268.jpg\",\"datePublished\":\"2016-02-01T10:44:52+00:00\",\"dateModified\":\"2025-09-05T13:23:30+00:00\",\"breadcrumb\":{\"@id\":\"https:\\\/\\\/www.logrami.fr\\\/rencontres2025\\\/partenaires\\\/#breadcrumb\"},\"inLanguage\":\"fr-FR\",\"potentialAction\":[{\"@type\":\"ReadAction\",\"target\":[\"https:\\\/\\\/www.logrami.fr\\\/rencontres2025\\\/partenaires\\\/\"]}]},{\"@type\":\"ImageObject\",\"inLanguage\":\"fr-FR\",\"@id\":\"https:\\\/\\\/www.logrami.fr\\\/rencontres2025\\\/partenaires\\\/#primaryimage\",\"url\":\"https:\\\/\\\/www.logrami.fr\\\/rencontres2025\\\/wp-content\\\/uploads\\\/sites\\\/4\\\/2016\\\/02\\\/IMGP4268.jpg\",\"contentUrl\":\"https:\\\/\\\/www.logrami.fr\\\/rencontres2025\\\/wp-content\\\/uploads\\\/sites\\\/4\\\/2016\\\/02\\\/IMGP4268.jpg\",\"width\":1024,\"height\":683},{\"@type\":\"BreadcrumbList\",\"@id\":\"https:\\\/\\\/www.logrami.fr\\\/rencontres2025\\\/partenaires\\\/#breadcrumb\",\"itemListElement\":[{\"@type\":\"ListItem\",\"position\":1,\"name\":\"Accueil\",\"item\":\"https:\\\/\\\/www.logrami.fr\\\/rencontres2025\\\/\"},{\"@type\":\"ListItem\",\"position\":2,\"name\":\"Partenaires\"}]},{\"@type\":\"WebSite\",\"@id\":\"https:\\\/\\\/www.logrami.fr\\\/rencontres2025\\\/#website\",\"url\":\"https:\\\/\\\/www.logrami.fr\\\/rencontres2025\\\/\",\"name\":\"Rencontres Migrateurs de Loire 2025\",\"description\":\"26 et 27 novembre \u00e0 Tours\",\"potentialAction\":[{\"@type\":\"SearchAction\",\"target\":{\"@type\":\"EntryPoint\",\"urlTemplate\":\"https:\\\/\\\/www.logrami.fr\\\/rencontres2025\\\/?s={search_term_string}\"},\"query-input\":{\"@type\":\"PropertyValueSpecification\",\"valueRequired\":true,\"valueName\":\"search_term_string\"}}],\"inLanguage\":\"fr-FR\"}]}<\/script>\n<!-- \/ Yoast SEO plugin. -->","yoast_head_json":{"title":"Partenaires - Rencontres Migrateurs de Loire 2025","robots":{"index":"index","follow":"follow","max-snippet":"max-snippet:-1","max-image-preview":"max-image-preview:large","max-video-preview":"max-video-preview:-1"},"canonical":"https:\/\/www.logrami.fr\/rencontres2025\/partenaires\/","og_locale":"fr_FR","og_type":"article","og_title":"Partenaires - Rencontres Migrateurs de Loire 2025","og_description":"Logrami remercie ses partenaires pour le financement et l&rsquo;organisation des Rencontres Migrateurs 2025 : \u00a0 \u00a0 Ce projet est co-financ\u00e9 par l&rsquo;Europe dans le cadre du plan Loire Grandeur Nature. L&rsquo;Europe s&rsquo;engage dans le bassin de la Loire avec le... Lire la suite &raquo;","og_url":"https:\/\/www.logrami.fr\/rencontres2025\/partenaires\/","og_site_name":"Rencontres Migrateurs de Loire 2025","article_modified_time":"2025-09-05T13:23:30+00:00","og_image":[{"width":1024,"height":683,"url":"https:\/\/www.logrami.fr\/rencontres2025\/wp-content\/uploads\/sites\/4\/2016\/02\/IMGP4268.jpg","type":"image\/jpeg"}],"twitter_card":"summary_large_image","twitter_misc":{"Dur\u00e9e de lecture estim\u00e9e":"2 minutes"},"schema":{"@context":"https:\/\/schema.org","@graph":[{"@type":"WebPage","@id":"https:\/\/www.logrami.fr\/rencontres2025\/partenaires\/","url":"https:\/\/www.logrami.fr\/rencontres2025\/partenaires\/","name":"Partenaires - Rencontres Migrateurs de Loire 2025","isPartOf":{"@id":"https:\/\/www.logrami.fr\/rencontres2025\/#website"},"primaryImageOfPage":{"@id":"https:\/\/www.logrami.fr\/rencontres2025\/partenaires\/#primaryimage"},"image":{"@id":"https:\/\/www.logrami.fr\/rencontres2025\/partenaires\/#primaryimage"},"thumbnailUrl":"https:\/\/www.logrami.fr\/rencontres2025\/wp-content\/uploads\/sites\/4\/2016\/02\/IMGP4268.jpg","datePublished":"2016-02-01T10:44:52+00:00","dateModified":"2025-09-05T13:23:30+00:00","breadcrumb":{"@id":"https:\/\/www.logrami.fr\/rencontres2025\/partenaires\/#breadcrumb"},"inLanguage":"fr-FR","potentialAction":[{"@type":"ReadAction","target":["https:\/\/www.logrami.fr\/rencontres2025\/partenaires\/"]}]},{"@type":"ImageObject","inLanguage":"fr-FR","@id":"https:\/\/www.logrami.fr\/rencontres2025\/partenaires\/#primaryimage","url":"https:\/\/www.logrami.fr\/rencontres2025\/wp-content\/uploads\/sites\/4\/2016\/02\/IMGP4268.jpg","contentUrl":"https:\/\/www.logrami.fr\/rencontres2025\/wp-content\/uploads\/sites\/4\/2016\/02\/IMGP4268.jpg","width":1024,"height":683},{"@type":"BreadcrumbList","@id":"https:\/\/www.logrami.fr\/rencontres2025\/partenaires\/#breadcrumb","itemListElement":[{"@type":"ListItem","position":1,"name":"Accueil","item":"https:\/\/www.logrami.fr\/rencontres2025\/"},{"@type":"ListItem","position":2,"name":"Partenaires"}]},{"@type":"WebSite","@id":"https:\/\/www.logrami.fr\/rencontres2025\/#website","url":"https:\/\/www.logrami.fr\/rencontres2025\/","name":"Rencontres Migrateurs de Loire 2025","description":"26 et 27 novembre \u00e0 Tours","potentialAction":[{"@type":"SearchAction","target":{"@type":"EntryPoint","urlTemplate":"https:\/\/www.logrami.fr\/rencontres2025\/?s={search_term_string}"},"query-input":{"@type":"PropertyValueSpecification","valueRequired":true,"valueName":"search_term_string"}}],"inLanguage":"fr-FR"}]}},"_links":{"self":[{"href":"https:\/\/www.logrami.fr\/rencontres2025\/wp-json\/wp\/v2\/pages\/2368","targetHints":{"allow":["GET"]}}],"collection":[{"href":"https:\/\/www.logrami.fr\/rencontres2025\/wp-json\/wp\/v2\/pages"}],"about":[{"href":"https:\/\/www.logrami.fr\/rencontres2025\/wp-json\/wp\/v2\/types\/page"}],"author":[{"embeddable":true,"href":"https:\/\/www.logrami.fr\/rencontres2025\/wp-json\/wp\/v2\/users\/16"}],"replies":[{"embeddable":true,"href":"https:\/\/www.logrami.fr\/rencontres2025\/wp-json\/wp\/v2\/comments?post=2368"}],"version-history":[{"count":18,"href":"https:\/\/www.logrami.fr\/rencontres2025\/wp-json\/wp\/v2\/pages\/2368\/revisions"}],"predecessor-version":[{"id":2986,"href":"https:\/\/www.logrami.fr\/rencontres2025\/wp-json\/wp\/v2\/pages\/2368\/revisions\/2986"}],"wp:featuredmedia":[{"embeddable":true,"href":"https:\/\/www.logrami.fr\/rencontres2025\/wp-json\/wp\/v2\/media\/2348"}],"wp:attachment":[{"href":"https:\/\/www.logrami.fr\/rencontres2025\/wp-json\/wp\/v2\/media?parent=2368"}],"curies":[{"name":"wp","href":"https:\/\/api.w.org\/{rel}","templated":true}]}}