{"id":2344,"date":"2016-02-01T11:40:34","date_gmt":"2016-02-01T10:40:34","guid":{"rendered":"http:\/\/www.logrami.fr\/rencontres2016\/?page_id=2344"},"modified":"2025-11-24T10:45:35","modified_gmt":"2025-11-24T09:45:35","slug":"programme","status":"publish","type":"page","link":"https:\/\/www.logrami.fr\/rencontres2025\/programme\/","title":{"rendered":"Programme"},"content":{"rendered":"<h4 class=\"wp-block-heading\">9 h 30 : Accueil des participants<\/h4>\n<h4 class=\"wp-block-heading\">10 h 00 : Discours d&rsquo;ouverture<\/h4>\n<h2 class=\"wp-block-heading\" style=\"font-style:normal;font-weight:700;text-transform:none\">Session 1 &#8211; <em><strong>Les suivis li\u00e9s \u00e0 la g\u00e9n\u00e9tique<\/strong><\/em> <strong><em>(Titre provisoire)<\/em><\/strong><\/h2>\n<h5 class=\"wp-block-heading\">Mercredi 26 novembre matin<\/h5>\n<p>10 h 10 : L&rsquo;ADN environnemental comme indicateur de pr\u00e9sence (Titre provisoire) <em>par Barbara R\u00e9thor\u00e9 (Natexplorers)<\/em><\/p>\n<p>10 h 30 : Distinction Alose feinte et Grande alose par ADN environnemental <em>par Pierre Portafaix (LOGRAMI)<\/em><\/p>\n<p>10 h 45 : D\u00e9veloppement d\u2019un marqueur mol\u00e9culaire pour la distinction des lamproies de Planer et fluviatiles au stade juv\u00e9nile <em>par Guillaume Evanno (INRAe, UMR DECOD, Rennes)<\/em><\/p>\n<p><strong>Forum d&rsquo;\u00e9change<\/strong><\/p>\n<p>11 h 30 : Retour sur 17 ann\u00e9es d&rsquo;utilisation d&rsquo;outils g\u00e9nomiques pour la restauration du saumon atlantique sur le Bassin Garonne Dordogne <em>par St\u00e9phane Bosc (MIGADO)<\/em> et Pierrick Haffray (SYSAAF)<\/p>\n<p>11 h 50 : L\u2019otolithe&nbsp;: voyage dans l\u2019intimit\u00e9 du saumon de l\u2019Allier<em> par Gilles Bareille (IPREM UMR5254 CNRS\/UPPA)<\/em><\/p>\n<p><strong>Forum d&rsquo;\u00e9change<\/strong><\/p>\n<h4 class=\"wp-block-heading\">13h00 \u00e0 14h30 : Buffet d\u00e9jeunatoire<\/h4>\n<h2 class=\"wp-block-heading\" style=\"text-transform:none\">Session 2 &#8211;<strong> <\/strong><em><strong>Les outils de d\u00e9nombrement<\/strong><\/em> <strong><em>(Titre provisoire)<\/em><\/strong><\/h2>\n<h5 class=\"wp-block-heading\">Mercredi 26 novembre apr\u00e8s-midi<\/h5>\n<p>14 h 30 : Construction d&rsquo;indicateurs nationaux : d\u00e9marches d&rsquo;harmonisation de donn\u00e9es r\u00e9gionales <em>par Fran\u00e7ois Albert (MIGADO)<\/em><\/p>\n<p>14 h 50 : Projet ECOPER : comprendre l\u2019\u00e9cologie et l\u2019exploitation de l\u2019\u00e9perlan europ\u00e9en en France, une esp\u00e8ce anadrome m\u00e9connue de nos estuaires <em>par C\u00e9lya Martial (UMR DECOD-Institut Agro Rennes Angers<\/em>)<\/p>\n<p>15 h 10 : La surveillance DCE en estuaire et les poissons migrateurs amphihalins <em>par Mario Lepage (INRAe)<\/em><\/p>\n<p>15 h 30 : \u00c9valuation de l&rsquo;\u00e9tat de la population d&rsquo;Anguille europ\u00e9enne dans les marais Atlantique \u00e0 travers une diversit\u00e9 de suivi <em>par Eric Buard (CAPENA) et Amaya Gauvin (LOGRAMI)<\/em> <\/p>\n<p><strong>Forum d&rsquo;\u00e9change<\/strong><\/p>\n<h4 class=\"wp-block-heading\">Pause<\/h4>\n<p>17 h 00 : Suivi de la d\u00e9valaison de l\u2019anguille argent\u00e9e sur la Vilaine \u00e0 l\u2019aide d\u2019un sonar multifaisceaux <em>par Brice Sauvaget (Eau et Vilaine)<\/em><\/p>\n<p>17 h 20 : S\u00e9rie d\u2019\u00e9chantillonnage \u00e9lectrique pour la compr\u00e9hension de la dynamique de population <em>par Aurore Baisez et Amaya Gauvin (LOGRAMI)<\/em><\/p>\n<p>17 h 40 : Harmoniser les donn\u00e9es apr\u00e8s un changement de mat\u00e9riel : retour d&rsquo;exp\u00e9rience <em>par Marion Legrand (LOGRAMI)<\/em> <\/p>\n<p><strong>Forum d&rsquo;\u00e9change<\/strong><\/p>\n<h2 class=\"wp-block-heading\" style=\"text-transform:none\">Session 3 &#8211; <strong><em>Suivis de la reproduction<\/em><\/strong> <strong><em>(Titre provisoire)<\/em><\/strong><\/h2>\n<h5 class=\"wp-block-heading\"><strong><em> <\/em><\/strong>Jeudi 27 novembre matin<\/h5>\n<h4 class=\"wp-block-heading\">8 h 30 : Accueil des participants<\/h4>\n<p>9 h 00 : Suivi des bulls d&rsquo;aloses : D\u00e9veloppement d&rsquo;une application d&rsquo;aide au d\u00e9pouillement des enregistrements des bulls <em>par Alicia Girard<\/em> (EPTB Charente)<\/p>\n<p>9 h 20 : Mod\u00e9lisation de la dynamique de reproduction des aloses \u00e0 l&rsquo;\u00e9chelle de la nuit et de la saison <em>par Pauline Ladoux (INP Toulouse)<\/em><\/p>\n<p>9 h 40 : Dynamique des populations et qualit\u00e9 de l&rsquo;eau <em>par Eric Rochard (INRAe UR EABX)<\/em> <\/p>\n<p><strong>Forum d&rsquo;\u00e9change<\/strong><\/p>\n<h4 class=\"wp-block-heading\">Pause<\/h4>\n<h2 class=\"wp-block-heading\" style=\"text-transform:none\">Session 4 &#8211; <strong><em>Suivis comportementaux<\/em><\/strong> <strong><em>(Titre provisoire)<\/em><\/strong><\/h2>\n<p>11 h 00 : Migration g\u00e9n\u00e9sique des aloses et des lamproies marines dans l\u2019estuaire de la Loire : une zone <em>par Thomas Trancart<\/em> (MNHN) <\/p>\n<p>11 h 20 : L\u2019Allier des plaines, un fleuve sans abri : comment la raret\u00e9 des refuges thermiques en \u00e9t\u00e9 constitue un pi\u00e8ge pour les saumons adultes&nbsp;? <em>par Colin Bouchard ( SCIMABIO Interface)<\/em><\/p>\n<p>11 h 40 : D\u00e9termination des voies de passages des anguilles argent\u00e9es dans une lagune de M\u00e9diterran\u00e9e <em>par l&rsquo;association MRM<\/em><\/p>\n<p>12 h 00 : Apports des suivis individuels des smolts dans les actions de gestion <em>par Aurore Baisez (LOGRAMI)<\/em> <\/p>\n<p><strong>Forum d&rsquo;\u00e9change<\/strong><\/p>\n<h4 class=\"wp-block-heading\">13 h 00 : Discours de cl\u00f4ture<\/h4><\/p>\n","protected":false},"excerpt":{"rendered":"<p>9 h 30 : Accueil des participants 10 h 00 : Discours d&rsquo;ouverture Session 1 &#8211; Les suivis li\u00e9s \u00e0 la g\u00e9n\u00e9tique (Titre provisoire) Mercredi 26 novembre matin 10 h 10 : L&rsquo;ADN environnemental comme indicateur de pr\u00e9sence (Titre provisoire)&#8230; <br \/><a class=\"button excerpt-read-more\" href=\"https:\/\/www.logrami.fr\/rencontres2025\/programme\/\" title=\"ReadProgramme\">Lire la suite &raquo;<\/a><\/p>\n","protected":false},"author":15,"featured_media":2352,"parent":0,"menu_order":0,"comment_status":"closed","ping_status":"closed","template":"page-full-width.php","meta":{"footnotes":""},"class_list":["post-2344","page","type-page","status-publish","has-post-thumbnail","hentry"],"yoast_head":"<!-- This site is optimized with the Yoast SEO plugin v27.4 - https:\/\/yoast.com\/product\/yoast-seo-wordpress\/ -->\n<title>Programme - Rencontres Migrateurs de Loire 2025<\/title>\n<meta name=\"robots\" content=\"index, follow, max-snippet:-1, max-image-preview:large, max-video-preview:-1\" \/>\n<link rel=\"canonical\" href=\"https:\/\/www.logrami.fr\/rencontres2025\/programme\/\" \/>\n<meta property=\"og:locale\" content=\"fr_FR\" \/>\n<meta property=\"og:type\" content=\"article\" \/>\n<meta property=\"og:title\" content=\"Programme - Rencontres Migrateurs de Loire 2025\" \/>\n<meta property=\"og:description\" content=\"9 h 30 : Accueil des participants 10 h 00 : Discours d&rsquo;ouverture Session 1 &#8211; Les suivis li\u00e9s \u00e0 la g\u00e9n\u00e9tique (Titre provisoire) Mercredi 26 novembre matin 10 h 10 : L&rsquo;ADN environnemental comme indicateur de pr\u00e9sence (Titre provisoire)... Lire la suite &raquo;\" \/>\n<meta property=\"og:url\" content=\"https:\/\/www.logrami.fr\/rencontres2025\/programme\/\" \/>\n<meta property=\"og:site_name\" content=\"Rencontres Migrateurs de Loire 2025\" \/>\n<meta property=\"article:modified_time\" content=\"2025-11-24T09:45:35+00:00\" \/>\n<meta property=\"og:image\" content=\"https:\/\/www.logrami.fr\/rencontres2025\/wp-content\/uploads\/sites\/4\/2016\/02\/IMG_1328.jpg\" \/>\n\t<meta property=\"og:image:width\" content=\"1024\" \/>\n\t<meta property=\"og:image:height\" content=\"683\" \/>\n\t<meta property=\"og:image:type\" content=\"image\/jpeg\" \/>\n<meta name=\"twitter:card\" content=\"summary_large_image\" \/>\n<meta name=\"twitter:label1\" content=\"Dur\u00e9e de lecture estim\u00e9e\" \/>\n\t<meta name=\"twitter:data1\" content=\"3 minutes\" \/>\n<script type=\"application\/ld+json\" class=\"yoast-schema-graph\">{\"@context\":\"https:\\\/\\\/schema.org\",\"@graph\":[{\"@type\":\"WebPage\",\"@id\":\"https:\\\/\\\/www.logrami.fr\\\/rencontres2025\\\/programme\\\/\",\"url\":\"https:\\\/\\\/www.logrami.fr\\\/rencontres2025\\\/programme\\\/\",\"name\":\"Programme - Rencontres Migrateurs de Loire 2025\",\"isPartOf\":{\"@id\":\"https:\\\/\\\/www.logrami.fr\\\/rencontres2025\\\/#website\"},\"primaryImageOfPage\":{\"@id\":\"https:\\\/\\\/www.logrami.fr\\\/rencontres2025\\\/programme\\\/#primaryimage\"},\"image\":{\"@id\":\"https:\\\/\\\/www.logrami.fr\\\/rencontres2025\\\/programme\\\/#primaryimage\"},\"thumbnailUrl\":\"https:\\\/\\\/www.logrami.fr\\\/rencontres2025\\\/wp-content\\\/uploads\\\/sites\\\/4\\\/2016\\\/02\\\/IMG_1328.jpg\",\"datePublished\":\"2016-02-01T10:40:34+00:00\",\"dateModified\":\"2025-11-24T09:45:35+00:00\",\"breadcrumb\":{\"@id\":\"https:\\\/\\\/www.logrami.fr\\\/rencontres2025\\\/programme\\\/#breadcrumb\"},\"inLanguage\":\"fr-FR\",\"potentialAction\":[{\"@type\":\"ReadAction\",\"target\":[\"https:\\\/\\\/www.logrami.fr\\\/rencontres2025\\\/programme\\\/\"]}]},{\"@type\":\"ImageObject\",\"inLanguage\":\"fr-FR\",\"@id\":\"https:\\\/\\\/www.logrami.fr\\\/rencontres2025\\\/programme\\\/#primaryimage\",\"url\":\"https:\\\/\\\/www.logrami.fr\\\/rencontres2025\\\/wp-content\\\/uploads\\\/sites\\\/4\\\/2016\\\/02\\\/IMG_1328.jpg\",\"contentUrl\":\"https:\\\/\\\/www.logrami.fr\\\/rencontres2025\\\/wp-content\\\/uploads\\\/sites\\\/4\\\/2016\\\/02\\\/IMG_1328.jpg\",\"width\":1024,\"height\":683},{\"@type\":\"BreadcrumbList\",\"@id\":\"https:\\\/\\\/www.logrami.fr\\\/rencontres2025\\\/programme\\\/#breadcrumb\",\"itemListElement\":[{\"@type\":\"ListItem\",\"position\":1,\"name\":\"Accueil\",\"item\":\"https:\\\/\\\/www.logrami.fr\\\/rencontres2025\\\/\"},{\"@type\":\"ListItem\",\"position\":2,\"name\":\"Programme\"}]},{\"@type\":\"WebSite\",\"@id\":\"https:\\\/\\\/www.logrami.fr\\\/rencontres2025\\\/#website\",\"url\":\"https:\\\/\\\/www.logrami.fr\\\/rencontres2025\\\/\",\"name\":\"Rencontres Migrateurs de Loire 2025\",\"description\":\"26 et 27 novembre \u00e0 Tours\",\"potentialAction\":[{\"@type\":\"SearchAction\",\"target\":{\"@type\":\"EntryPoint\",\"urlTemplate\":\"https:\\\/\\\/www.logrami.fr\\\/rencontres2025\\\/?s={search_term_string}\"},\"query-input\":{\"@type\":\"PropertyValueSpecification\",\"valueRequired\":true,\"valueName\":\"search_term_string\"}}],\"inLanguage\":\"fr-FR\"}]}<\/script>\n<!-- \/ Yoast SEO plugin. -->","yoast_head_json":{"title":"Programme - Rencontres Migrateurs de Loire 2025","robots":{"index":"index","follow":"follow","max-snippet":"max-snippet:-1","max-image-preview":"max-image-preview:large","max-video-preview":"max-video-preview:-1"},"canonical":"https:\/\/www.logrami.fr\/rencontres2025\/programme\/","og_locale":"fr_FR","og_type":"article","og_title":"Programme - Rencontres Migrateurs de Loire 2025","og_description":"9 h 30 : Accueil des participants 10 h 00 : Discours d&rsquo;ouverture Session 1 &#8211; Les suivis li\u00e9s \u00e0 la g\u00e9n\u00e9tique (Titre provisoire) Mercredi 26 novembre matin 10 h 10 : L&rsquo;ADN environnemental comme indicateur de pr\u00e9sence (Titre provisoire)... Lire la suite &raquo;","og_url":"https:\/\/www.logrami.fr\/rencontres2025\/programme\/","og_site_name":"Rencontres Migrateurs de Loire 2025","article_modified_time":"2025-11-24T09:45:35+00:00","og_image":[{"width":1024,"height":683,"url":"https:\/\/www.logrami.fr\/rencontres2025\/wp-content\/uploads\/sites\/4\/2016\/02\/IMG_1328.jpg","type":"image\/jpeg"}],"twitter_card":"summary_large_image","twitter_misc":{"Dur\u00e9e de lecture estim\u00e9e":"3 minutes"},"schema":{"@context":"https:\/\/schema.org","@graph":[{"@type":"WebPage","@id":"https:\/\/www.logrami.fr\/rencontres2025\/programme\/","url":"https:\/\/www.logrami.fr\/rencontres2025\/programme\/","name":"Programme - Rencontres Migrateurs de Loire 2025","isPartOf":{"@id":"https:\/\/www.logrami.fr\/rencontres2025\/#website"},"primaryImageOfPage":{"@id":"https:\/\/www.logrami.fr\/rencontres2025\/programme\/#primaryimage"},"image":{"@id":"https:\/\/www.logrami.fr\/rencontres2025\/programme\/#primaryimage"},"thumbnailUrl":"https:\/\/www.logrami.fr\/rencontres2025\/wp-content\/uploads\/sites\/4\/2016\/02\/IMG_1328.jpg","datePublished":"2016-02-01T10:40:34+00:00","dateModified":"2025-11-24T09:45:35+00:00","breadcrumb":{"@id":"https:\/\/www.logrami.fr\/rencontres2025\/programme\/#breadcrumb"},"inLanguage":"fr-FR","potentialAction":[{"@type":"ReadAction","target":["https:\/\/www.logrami.fr\/rencontres2025\/programme\/"]}]},{"@type":"ImageObject","inLanguage":"fr-FR","@id":"https:\/\/www.logrami.fr\/rencontres2025\/programme\/#primaryimage","url":"https:\/\/www.logrami.fr\/rencontres2025\/wp-content\/uploads\/sites\/4\/2016\/02\/IMG_1328.jpg","contentUrl":"https:\/\/www.logrami.fr\/rencontres2025\/wp-content\/uploads\/sites\/4\/2016\/02\/IMG_1328.jpg","width":1024,"height":683},{"@type":"BreadcrumbList","@id":"https:\/\/www.logrami.fr\/rencontres2025\/programme\/#breadcrumb","itemListElement":[{"@type":"ListItem","position":1,"name":"Accueil","item":"https:\/\/www.logrami.fr\/rencontres2025\/"},{"@type":"ListItem","position":2,"name":"Programme"}]},{"@type":"WebSite","@id":"https:\/\/www.logrami.fr\/rencontres2025\/#website","url":"https:\/\/www.logrami.fr\/rencontres2025\/","name":"Rencontres Migrateurs de Loire 2025","description":"26 et 27 novembre \u00e0 Tours","potentialAction":[{"@type":"SearchAction","target":{"@type":"EntryPoint","urlTemplate":"https:\/\/www.logrami.fr\/rencontres2025\/?s={search_term_string}"},"query-input":{"@type":"PropertyValueSpecification","valueRequired":true,"valueName":"search_term_string"}}],"inLanguage":"fr-FR"}]}},"_links":{"self":[{"href":"https:\/\/www.logrami.fr\/rencontres2025\/wp-json\/wp\/v2\/pages\/2344","targetHints":{"allow":["GET"]}}],"collection":[{"href":"https:\/\/www.logrami.fr\/rencontres2025\/wp-json\/wp\/v2\/pages"}],"about":[{"href":"https:\/\/www.logrami.fr\/rencontres2025\/wp-json\/wp\/v2\/types\/page"}],"author":[{"embeddable":true,"href":"https:\/\/www.logrami.fr\/rencontres2025\/wp-json\/wp\/v2\/users\/15"}],"replies":[{"embeddable":true,"href":"https:\/\/www.logrami.fr\/rencontres2025\/wp-json\/wp\/v2\/comments?post=2344"}],"version-history":[{"count":30,"href":"https:\/\/www.logrami.fr\/rencontres2025\/wp-json\/wp\/v2\/pages\/2344\/revisions"}],"predecessor-version":[{"id":3021,"href":"https:\/\/www.logrami.fr\/rencontres2025\/wp-json\/wp\/v2\/pages\/2344\/revisions\/3021"}],"wp:featuredmedia":[{"embeddable":true,"href":"https:\/\/www.logrami.fr\/rencontres2025\/wp-json\/wp\/v2\/media\/2352"}],"wp:attachment":[{"href":"https:\/\/www.logrami.fr\/rencontres2025\/wp-json\/wp\/v2\/media?parent=2344"}],"curies":[{"name":"wp","href":"https:\/\/api.w.org\/{rel}","templated":true}]}}