{"id":2,"date":"2016-01-04T16:07:19","date_gmt":"2016-01-04T15:07:19","guid":{"rendered":"http:\/\/www.logrami.fr\/rencontres2016\/?page_id=2"},"modified":"2025-10-30T11:08:28","modified_gmt":"2025-10-30T10:08:28","slug":"accueil","status":"publish","type":"page","link":"https:\/\/www.logrami.fr\/rencontres2025\/","title":{"rendered":"Accueil"},"content":{"rendered":"<h3 class=\"wp-block-heading\"><em>Des \u00e9cailles aux donn\u00e9es : Les nouvelles fronti\u00e8res de l&rsquo;\u00e9chantillonnage<br \/><\/em><\/h3>\n<h2 class=\"wp-block-heading\">12<sup>\u00e8me<\/sup> \u00e9dition des Rencontres Migrateurs de Loire<\/h2>\n<div class=\"wp-block-media-text is-stacked-on-mobile is-style-rounded\">\n<figure class=\"wp-block-media-text__media\"><img loading=\"lazy\" decoding=\"async\" width=\"1024\" height=\"460\" src=\"https:\/\/www.logrami.fr\/rencontres2025\/wp-content\/uploads\/sites\/4\/2025\/04\/titre_RM25-1024x460.jpg\" alt=\"\" class=\"wp-image-2957 size-full\" srcset=\"https:\/\/www.logrami.fr\/rencontres2025\/wp-content\/uploads\/sites\/4\/2025\/04\/titre_RM25-1024x460.jpg 1024w, https:\/\/www.logrami.fr\/rencontres2025\/wp-content\/uploads\/sites\/4\/2025\/04\/titre_RM25-300x135.jpg 300w, https:\/\/www.logrami.fr\/rencontres2025\/wp-content\/uploads\/sites\/4\/2025\/04\/titre_RM25-1536x690.jpg 1536w, https:\/\/www.logrami.fr\/rencontres2025\/wp-content\/uploads\/sites\/4\/2025\/04\/titre_RM25-2048x920.jpg 2048w\" sizes=\"auto, (max-width: 1024px) 100vw, 1024px\" \/><\/figure>\n<div class=\"wp-block-media-text__content\">\n<p>La majorit\u00e9 des poissons migrateurs amphihalins est class\u00e9 en danger critique par l&rsquo;IUCN et de multiples causes sont responsables de leur d\u00e9clin. La connaissance de ces esp\u00e8ces et de l&rsquo;\u00e9volution de leur population est primordiale, face \u00e0 leur vuln\u00e9rabilit\u00e9.<\/p>\n<p>Depuis 30 ans, les suivis des populations de poissons migrateurs se sont multipli\u00e9s, les techniques de suivi ont \u00e9t\u00e9 perfectionn\u00e9s et de nouvelles techniques ont \u00e9t\u00e9 cr\u00e9\u00e9. C&rsquo;est en connaissant et en mettant en place ces suivis que nous pourrons apprendre \u00e0 mieux connaitre les poissons migrateurs et l&rsquo;\u00e9tat de leur population.<\/p>\n<p>Dans un contexte de d\u00e9clin tr\u00e8s important des poissons migrateurs en France, les connaissances apport\u00e9es par les suivis sont fondamentales pour proposer des solutions de gestion adapt\u00e9es et efficaces. Nous allons d\u00e9couvrir de nombreux suivis adapt\u00e9s aux diff\u00e9rentes phase de vie et aux diff\u00e9rents milieux, dans lesquels \u00e9voluent ces poissons migrateurs amphihalins. <\/p>\n<\/div>\n<\/div>\n<p>[su_spacer size=\u00a0\u00bb20&Prime; class=\u00a0\u00bb\u00a0\u00bb]<\/p>\n<p>[su_row][su_column size=\u00a0\u00bb1\/3&Prime;]<\/p>\n<p><img loading=\"lazy\" decoding=\"async\" class=\"alignnone size-thumbnail wp-image-2352 aligncenter\" style=\"margin-bottom: 20px\" src=\"http:\/\/www.logrami.fr\/rencontres2019\/wp-content\/uploads\/sites\/4\/2016\/02\/IMG_1328-150x150.jpg\" alt=\"\" width=\"150\" height=\"150\"><\/p>\n<p>Les <a href=\"http:\/\/www.migrateurs-loire.fr\/documentation\/rencontres\/\" target=\"_blank\" rel=\"noopener\">Rencontres Migrateurs de Loire<\/a> ont pour objectif de pr\u00e9senter aux principaux acteurs concern\u00e9s par l\u2019esp\u00e8ce et son milieu, les connaissances actuelles et les \u00e9tudes en cours \u00e0 l\u2019\u00e9chelle du bassin versant de la Loire de ses affluents, des c\u00f4tiers vend\u00e9ens et de la S\u00e8vre niortaise.<br \/>\n[\/su_column][su_column size=\u00a0\u00bb1\/3&Prime;]<br \/>\n<img loading=\"lazy\" decoding=\"async\" class=\"aligncenter wp-image-2357 size-thumbnail\" style=\"margin-bottom: 20px\" src=\"http:\/\/www.logrami.fr\/rencontres2019\/wp-content\/uploads\/sites\/4\/2016\/02\/IMGP0325-150x150.jpg\" alt=\"\" width=\"150\" height=\"150\"><\/p>\n<p>La pr\u00e9sentation de ces bilans, r\u00e9alis\u00e9s par les personnes ressources, doit permettre, en particulier, de mettre en \u00e9vidence les avanc\u00e9es et les lacunes actuelles des connaissances sur les populations de poissons grands migrateurs<br \/>\n[\/su_column][su_column size=\u00a0\u00bb1\/3&Prime;]<br \/>\n<img loading=\"lazy\" decoding=\"async\" class=\"aligncenter wp-image-2356 size-thumbnail\" style=\"margin-bottom: 20px\" src=\"http:\/\/www.logrami.fr\/rencontres2019\/wp-content\/uploads\/sites\/4\/2016\/02\/IMGP0277-150x150.jpg\" alt=\"\" width=\"150\" height=\"150\"><\/p>\n<p>De nombreux repr\u00e9sentants de p\u00eacheurs de loisirs et professionnels, d\u2019administrations, d\u2019associations et de scientifiques sont invit\u00e9s \u00e0 participer \u00e0 ces rencontres, dont l\u2019organisation est itin\u00e9rante sur le bassin de la Loire.<\/p>\n<p>[\/su_column][\/su_row]<\/p><\/p>\n","protected":false},"excerpt":{"rendered":"<p>Des \u00e9cailles aux donn\u00e9es : Les nouvelles fronti\u00e8res de l&rsquo;\u00e9chantillonnage 12\u00e8me \u00e9dition des Rencontres Migrateurs de Loire La majorit\u00e9 des poissons migrateurs amphihalins est class\u00e9 en danger critique par l&rsquo;IUCN et de multiples causes sont responsables de leur d\u00e9clin. La&#8230; <br \/><a class=\"button excerpt-read-more\" href=\"https:\/\/www.logrami.fr\/rencontres2025\/\" title=\"ReadAccueil\">Lire la suite &raquo;<\/a><\/p>\n","protected":false},"author":16,"featured_media":2957,"parent":0,"menu_order":0,"comment_status":"closed","ping_status":"closed","template":"page-rencontres.php","meta":{"footnotes":""},"class_list":["post-2","page","type-page","status-publish","has-post-thumbnail","hentry"],"yoast_head":"<!-- This site is optimized with the Yoast SEO plugin v27.3 - https:\/\/yoast.com\/product\/yoast-seo-wordpress\/ -->\n<title>Rencontres Migrateurs de Loire 2025<\/title>\n<meta name=\"description\" content=\"9\u00e8me \u00e9dition, &quot;De l\u2019eau douce de l\u2019enfance \u00e0 l\u2019eau sal\u00e9e de la vie&quot;, les 12 et 13 mars 2019 \u00e0 Nantes.\" \/>\n<meta name=\"robots\" content=\"index, follow, max-snippet:-1, max-image-preview:large, max-video-preview:-1\" \/>\n<link rel=\"canonical\" href=\"https:\/\/www.logrami.fr\/rencontres2025\/\" \/>\n<meta property=\"og:locale\" content=\"fr_FR\" \/>\n<meta property=\"og:type\" content=\"article\" \/>\n<meta property=\"og:title\" content=\"Rencontres Migrateurs de Loire 2025\" \/>\n<meta property=\"og:description\" content=\"9\u00e8me \u00e9dition, &quot;De l\u2019eau douce de l\u2019enfance \u00e0 l\u2019eau sal\u00e9e de la vie&quot;, les 12 et 13 mars 2019 \u00e0 Nantes.\" \/>\n<meta property=\"og:url\" content=\"https:\/\/www.logrami.fr\/rencontres2025\/\" \/>\n<meta property=\"og:site_name\" content=\"Rencontres Migrateurs de Loire 2025\" \/>\n<meta property=\"article:modified_time\" content=\"2025-10-30T10:08:28+00:00\" \/>\n<meta property=\"og:image\" content=\"https:\/\/www.logrami.fr\/rencontres2025\/wp-content\/uploads\/sites\/4\/2025\/04\/titre_RM25-scaled.jpg\" \/>\n\t<meta property=\"og:image:width\" content=\"2560\" \/>\n\t<meta property=\"og:image:height\" content=\"1151\" \/>\n\t<meta property=\"og:image:type\" content=\"image\/jpeg\" \/>\n<meta name=\"twitter:card\" content=\"summary_large_image\" \/>\n<meta name=\"twitter:label1\" content=\"Dur\u00e9e de lecture estim\u00e9e\" \/>\n\t<meta name=\"twitter:data1\" content=\"3 minutes\" \/>\n<script type=\"application\/ld+json\" class=\"yoast-schema-graph\">{\"@context\":\"https:\\\/\\\/schema.org\",\"@graph\":[{\"@type\":\"WebPage\",\"@id\":\"https:\\\/\\\/www.logrami.fr\\\/rencontres2025\\\/\",\"url\":\"https:\\\/\\\/www.logrami.fr\\\/rencontres2025\\\/\",\"name\":\"Rencontres Migrateurs de Loire 2025\",\"isPartOf\":{\"@id\":\"https:\\\/\\\/www.logrami.fr\\\/rencontres2025\\\/#website\"},\"primaryImageOfPage\":{\"@id\":\"https:\\\/\\\/www.logrami.fr\\\/rencontres2025\\\/#primaryimage\"},\"image\":{\"@id\":\"https:\\\/\\\/www.logrami.fr\\\/rencontres2025\\\/#primaryimage\"},\"thumbnailUrl\":\"https:\\\/\\\/www.logrami.fr\\\/rencontres2025\\\/wp-content\\\/uploads\\\/sites\\\/4\\\/2025\\\/04\\\/titre_RM25-scaled.jpg\",\"datePublished\":\"2016-01-04T15:07:19+00:00\",\"dateModified\":\"2025-10-30T10:08:28+00:00\",\"description\":\"9\u00e8me \u00e9dition, \\\"De l\u2019eau douce de l\u2019enfance \u00e0 l\u2019eau sal\u00e9e de la vie\\\", les 12 et 13 mars 2019 \u00e0 Nantes.\",\"breadcrumb\":{\"@id\":\"https:\\\/\\\/www.logrami.fr\\\/rencontres2025\\\/#breadcrumb\"},\"inLanguage\":\"fr-FR\",\"potentialAction\":[{\"@type\":\"ReadAction\",\"target\":[\"https:\\\/\\\/www.logrami.fr\\\/rencontres2025\\\/\"]}]},{\"@type\":\"ImageObject\",\"inLanguage\":\"fr-FR\",\"@id\":\"https:\\\/\\\/www.logrami.fr\\\/rencontres2025\\\/#primaryimage\",\"url\":\"https:\\\/\\\/www.logrami.fr\\\/rencontres2025\\\/wp-content\\\/uploads\\\/sites\\\/4\\\/2025\\\/04\\\/titre_RM25-scaled.jpg\",\"contentUrl\":\"https:\\\/\\\/www.logrami.fr\\\/rencontres2025\\\/wp-content\\\/uploads\\\/sites\\\/4\\\/2025\\\/04\\\/titre_RM25-scaled.jpg\",\"width\":2560,\"height\":1151},{\"@type\":\"BreadcrumbList\",\"@id\":\"https:\\\/\\\/www.logrami.fr\\\/rencontres2025\\\/#breadcrumb\",\"itemListElement\":[{\"@type\":\"ListItem\",\"position\":1,\"name\":\"Accueil\",\"item\":\"https:\\\/\\\/www.logrami.fr\\\/rencontres2025\\\/\"},{\"@type\":\"ListItem\",\"position\":2,\"name\":\"Accueil\"}]},{\"@type\":\"WebSite\",\"@id\":\"https:\\\/\\\/www.logrami.fr\\\/rencontres2025\\\/#website\",\"url\":\"https:\\\/\\\/www.logrami.fr\\\/rencontres2025\\\/\",\"name\":\"Rencontres Migrateurs de Loire 2025\",\"description\":\"26 et 27 novembre \u00e0 Tours\",\"potentialAction\":[{\"@type\":\"SearchAction\",\"target\":{\"@type\":\"EntryPoint\",\"urlTemplate\":\"https:\\\/\\\/www.logrami.fr\\\/rencontres2025\\\/?s={search_term_string}\"},\"query-input\":{\"@type\":\"PropertyValueSpecification\",\"valueRequired\":true,\"valueName\":\"search_term_string\"}}],\"inLanguage\":\"fr-FR\"}]}<\/script>\n<!-- \/ Yoast SEO plugin. -->","yoast_head_json":{"title":"Rencontres Migrateurs de Loire 2025","description":"9\u00e8me \u00e9dition, \"De l\u2019eau douce de l\u2019enfance \u00e0 l\u2019eau sal\u00e9e de la vie\", les 12 et 13 mars 2019 \u00e0 Nantes.","robots":{"index":"index","follow":"follow","max-snippet":"max-snippet:-1","max-image-preview":"max-image-preview:large","max-video-preview":"max-video-preview:-1"},"canonical":"https:\/\/www.logrami.fr\/rencontres2025\/","og_locale":"fr_FR","og_type":"article","og_title":"Rencontres Migrateurs de Loire 2025","og_description":"9\u00e8me \u00e9dition, \"De l\u2019eau douce de l\u2019enfance \u00e0 l\u2019eau sal\u00e9e de la vie\", les 12 et 13 mars 2019 \u00e0 Nantes.","og_url":"https:\/\/www.logrami.fr\/rencontres2025\/","og_site_name":"Rencontres Migrateurs de Loire 2025","article_modified_time":"2025-10-30T10:08:28+00:00","og_image":[{"width":2560,"height":1151,"url":"https:\/\/www.logrami.fr\/rencontres2025\/wp-content\/uploads\/sites\/4\/2025\/04\/titre_RM25-scaled.jpg","type":"image\/jpeg"}],"twitter_card":"summary_large_image","twitter_misc":{"Dur\u00e9e de lecture estim\u00e9e":"3 minutes"},"schema":{"@context":"https:\/\/schema.org","@graph":[{"@type":"WebPage","@id":"https:\/\/www.logrami.fr\/rencontres2025\/","url":"https:\/\/www.logrami.fr\/rencontres2025\/","name":"Rencontres Migrateurs de Loire 2025","isPartOf":{"@id":"https:\/\/www.logrami.fr\/rencontres2025\/#website"},"primaryImageOfPage":{"@id":"https:\/\/www.logrami.fr\/rencontres2025\/#primaryimage"},"image":{"@id":"https:\/\/www.logrami.fr\/rencontres2025\/#primaryimage"},"thumbnailUrl":"https:\/\/www.logrami.fr\/rencontres2025\/wp-content\/uploads\/sites\/4\/2025\/04\/titre_RM25-scaled.jpg","datePublished":"2016-01-04T15:07:19+00:00","dateModified":"2025-10-30T10:08:28+00:00","description":"9\u00e8me \u00e9dition, \"De l\u2019eau douce de l\u2019enfance \u00e0 l\u2019eau sal\u00e9e de la vie\", les 12 et 13 mars 2019 \u00e0 Nantes.","breadcrumb":{"@id":"https:\/\/www.logrami.fr\/rencontres2025\/#breadcrumb"},"inLanguage":"fr-FR","potentialAction":[{"@type":"ReadAction","target":["https:\/\/www.logrami.fr\/rencontres2025\/"]}]},{"@type":"ImageObject","inLanguage":"fr-FR","@id":"https:\/\/www.logrami.fr\/rencontres2025\/#primaryimage","url":"https:\/\/www.logrami.fr\/rencontres2025\/wp-content\/uploads\/sites\/4\/2025\/04\/titre_RM25-scaled.jpg","contentUrl":"https:\/\/www.logrami.fr\/rencontres2025\/wp-content\/uploads\/sites\/4\/2025\/04\/titre_RM25-scaled.jpg","width":2560,"height":1151},{"@type":"BreadcrumbList","@id":"https:\/\/www.logrami.fr\/rencontres2025\/#breadcrumb","itemListElement":[{"@type":"ListItem","position":1,"name":"Accueil","item":"https:\/\/www.logrami.fr\/rencontres2025\/"},{"@type":"ListItem","position":2,"name":"Accueil"}]},{"@type":"WebSite","@id":"https:\/\/www.logrami.fr\/rencontres2025\/#website","url":"https:\/\/www.logrami.fr\/rencontres2025\/","name":"Rencontres Migrateurs de Loire 2025","description":"26 et 27 novembre \u00e0 Tours","potentialAction":[{"@type":"SearchAction","target":{"@type":"EntryPoint","urlTemplate":"https:\/\/www.logrami.fr\/rencontres2025\/?s={search_term_string}"},"query-input":{"@type":"PropertyValueSpecification","valueRequired":true,"valueName":"search_term_string"}}],"inLanguage":"fr-FR"}]}},"_links":{"self":[{"href":"https:\/\/www.logrami.fr\/rencontres2025\/wp-json\/wp\/v2\/pages\/2","targetHints":{"allow":["GET"]}}],"collection":[{"href":"https:\/\/www.logrami.fr\/rencontres2025\/wp-json\/wp\/v2\/pages"}],"about":[{"href":"https:\/\/www.logrami.fr\/rencontres2025\/wp-json\/wp\/v2\/types\/page"}],"author":[{"embeddable":true,"href":"https:\/\/www.logrami.fr\/rencontres2025\/wp-json\/wp\/v2\/users\/16"}],"replies":[{"embeddable":true,"href":"https:\/\/www.logrami.fr\/rencontres2025\/wp-json\/wp\/v2\/comments?post=2"}],"version-history":[{"count":30,"href":"https:\/\/www.logrami.fr\/rencontres2025\/wp-json\/wp\/v2\/pages\/2\/revisions"}],"predecessor-version":[{"id":3007,"href":"https:\/\/www.logrami.fr\/rencontres2025\/wp-json\/wp\/v2\/pages\/2\/revisions\/3007"}],"wp:featuredmedia":[{"embeddable":true,"href":"https:\/\/www.logrami.fr\/rencontres2025\/wp-json\/wp\/v2\/media\/2957"}],"wp:attachment":[{"href":"https:\/\/www.logrami.fr\/rencontres2025\/wp-json\/wp\/v2\/media?parent=2"}],"curies":[{"name":"wp","href":"https:\/\/api.w.org\/{rel}","templated":true}]}}